{"id":2720,"date":"2020-10-26T10:04:29","date_gmt":"2021-02-05T15:58:01","guid":{"rendered":"https:\/\/mattech.ca\/?post_type=product&#038;p=2720"},"modified":"2023-04-04T15:45:05","modified_gmt":"2023-04-04T19:45:05","slug":"mat-a-dor","status":"publish","type":"product","link":"https:\/\/mattech.ca\/fr\/produit\/mat-a-dor\/","title":{"rendered":"Mat A Dor"},"content":{"rendered":"<p>Mat A Dor est le meilleur gratte-pieds \u00e0 pointes de caoutchouc sur le march\u00e9<\/p>\n<ul>\n<li>Exemples d\u2019applications: concessionnaire automobile, \u00e9glise, petit magasin de d\u00e9tail, restaurant\u2026<\/li>\n<li>Bordures sur les quatre c\u00f4t\u00e9s formant un r\u00e9servoir pouvant contenir l\u2019eau et la salet\u00e9<\/li>\n<li>Demeure flexible et efficace m\u00eame dans les temp\u00e9ratures les plus froides<\/li>\n<\/ul>\n","protected":false},"excerpt":{"rendered":"<p>Mat A Dor est le meilleur gratte-pieds \u00e0 pointes de caoutchouc sur le march\u00e9 Exemples d\u2019applications: concessionnaire automobile, \u00e9glise, petit magasin de d\u00e9tail, restaurant\u2026 Bordures sur les quatre c\u00f4t\u00e9s formant un r\u00e9servoir pouvant contenir l\u2019eau et la salet\u00e9 Demeure flexible et efficace m\u00eame dans les temp\u00e9ratures les plus froides<\/p>\n","protected":false},"featured_media":6210,"template":"","meta":{"inline_featured_image":false},"product_cat":[71],"product_tag":[],"class_list":["post-2720","product","type-product","status-publish","has-post-thumbnail","hentry","product_cat-tapis-dentree","sector-commercial-fr","traffic_type-classique","fonction-gratte-pieds"],"acf":[],"aioseo_notices":[],"_links":{"self":[{"href":"https:\/\/mattech.ca\/fr\/wp-json\/wp\/v2\/product\/2720","targetHints":{"allow":["GET"]}}],"collection":[{"href":"https:\/\/mattech.ca\/fr\/wp-json\/wp\/v2\/product"}],"about":[{"href":"https:\/\/mattech.ca\/fr\/wp-json\/wp\/v2\/types\/product"}],"wp:featuredmedia":[{"embeddable":true,"href":"https:\/\/mattech.ca\/fr\/wp-json\/wp\/v2\/media\/6210"}],"wp:attachment":[{"href":"https:\/\/mattech.ca\/fr\/wp-json\/wp\/v2\/media?parent=2720"}],"wp:term":[{"taxonomy":"product_cat","embeddable":true,"href":"https:\/\/mattech.ca\/fr\/wp-json\/wp\/v2\/product_cat?post=2720"},{"taxonomy":"product_tag","embeddable":true,"href":"https:\/\/mattech.ca\/fr\/wp-json\/wp\/v2\/product_tag?post=2720"}],"curies":[{"name":"wp","href":"https:\/\/api.w.org\/{rel}","templated":true}]}}