{"id":2701,"date":"2020-10-26T09:58:44","date_gmt":"2021-02-05T15:55:38","guid":{"rendered":"https:\/\/mattech.ca\/?post_type=product&#038;p=2701"},"modified":"2023-05-30T08:49:07","modified_gmt":"2023-05-30T12:49:07","slug":"jasper","status":"publish","type":"product","link":"https:\/\/mattech.ca\/fr\/produit\/jasper\/","title":{"rendered":"Jasper"},"content":{"rendered":"<p>Discret et durable, ce gratte pied sera id\u00e9al pour retenir la grosse salet\u00e9 de votre entr\u00e9e<\/p>\n<ul>\n<li>Exemples d\u2019applications: concessionnaire automobile, \u00e9glise, petit magasin de d\u00e9tail, restaurant\u2026<\/li>\n<li>Malgr\u00e9 son profil abbaiss\u00e9, il effectura un grattage efficace<\/li>\n<li>Facile \u00e0 nettoyer, vous n\u2019avez qu\u2019\u00e0 le secouer ou passer l\u2019aspirateur<\/li>\n<\/ul>\n","protected":false},"excerpt":{"rendered":"<p>Discret et durable, ce gratte pied sera id\u00e9al pour retenir la grosse salet\u00e9 de votre entr\u00e9e Exemples d\u2019applications: concessionnaire automobile, \u00e9glise, petit magasin de d\u00e9tail, restaurant\u2026 Malgr\u00e9 son profil abbaiss\u00e9, il effectura un grattage efficace Facile \u00e0 nettoyer, vous n\u2019avez qu\u2019\u00e0 le secouer ou passer l\u2019aspirateur<\/p>\n","protected":false},"featured_media":6423,"template":"","meta":{"inline_featured_image":false},"product_cat":[71],"product_tag":[],"class_list":["post-2701","product","type-product","status-publish","has-post-thumbnail","hentry","product_cat-tapis-dentree","sector-commercial-fr","traffic_type-classique","fonction-gratte-pieds"],"acf":[],"aioseo_notices":[],"_links":{"self":[{"href":"https:\/\/mattech.ca\/fr\/wp-json\/wp\/v2\/product\/2701","targetHints":{"allow":["GET"]}}],"collection":[{"href":"https:\/\/mattech.ca\/fr\/wp-json\/wp\/v2\/product"}],"about":[{"href":"https:\/\/mattech.ca\/fr\/wp-json\/wp\/v2\/types\/product"}],"wp:featuredmedia":[{"embeddable":true,"href":"https:\/\/mattech.ca\/fr\/wp-json\/wp\/v2\/media\/6423"}],"wp:attachment":[{"href":"https:\/\/mattech.ca\/fr\/wp-json\/wp\/v2\/media?parent=2701"}],"wp:term":[{"taxonomy":"product_cat","embeddable":true,"href":"https:\/\/mattech.ca\/fr\/wp-json\/wp\/v2\/product_cat?post=2701"},{"taxonomy":"product_tag","embeddable":true,"href":"https:\/\/mattech.ca\/fr\/wp-json\/wp\/v2\/product_tag?post=2701"}],"curies":[{"name":"wp","href":"https:\/\/api.w.org\/{rel}","templated":true}]}}