{"id":2623,"date":"2021-02-05T10:24:50","date_gmt":"2021-02-05T15:24:50","guid":{"rendered":"https:\/\/mattech.ca\/?post_type=product&#038;p=2623"},"modified":"2023-05-30T08:26:59","modified_gmt":"2023-05-30T12:26:59","slug":"dust-star","status":"publish","type":"product","link":"https:\/\/mattech.ca\/fr\/produit\/dust-star\/","title":{"rendered":"Dust Star"},"content":{"rendered":"<p>Technologie Microfibre offrent la meilleure r\u00e9tention d\u2019eau de l\u2019industrie<\/p>\n<ul>\n<li>Exemples d\u2019applications: couloir d\u2019a\u00e9roport, comptoir d\u2019admission d\u2019universit\u00e9, ascenseur d\u2019h\u00f4pital\u2026<\/li>\n<li>Propri\u00e9t\u00e9 de charge statique positive attirant l\u2019eau et la poussi\u00e8re efficacement<\/li>\n<li>Endos ThermoGrip rouge de qualit\u00e9 sup\u00e9rieure offrant une protection antimicrobienne et une adh\u00e9rence accrue sur vos planchers<\/li>\n<\/ul>\n","protected":false},"excerpt":{"rendered":"<p>Technologie Microfibre offrent la meilleure r\u00e9tention d\u2019eau de l\u2019industrie Exemples d\u2019applications: couloir d\u2019a\u00e9roport, comptoir d\u2019admission d\u2019universit\u00e9, ascenseur d\u2019h\u00f4pital\u2026 Propri\u00e9t\u00e9 de charge statique positive attirant l\u2019eau et la poussi\u00e8re efficacement Endos ThermoGrip rouge de qualit\u00e9 sup\u00e9rieure offrant une protection antimicrobienne et une adh\u00e9rence accrue sur vos planchers<\/p>\n","protected":false},"featured_media":6386,"template":"","meta":{"inline_featured_image":false},"product_cat":[71],"product_tag":[498,499,497],"class_list":["post-2623","product","type-product","status-publish","has-post-thumbnail","hentry","product_cat-tapis-dentree","product_tag-dust-fr","product_tag-dust-star-fr","product_tag-dustar","sector-commercial-fr","sector-industriel","traffic_type-performance-fr","fonction-essuie-pieds"],"acf":[],"aioseo_notices":[],"_links":{"self":[{"href":"https:\/\/mattech.ca\/fr\/wp-json\/wp\/v2\/product\/2623","targetHints":{"allow":["GET"]}}],"collection":[{"href":"https:\/\/mattech.ca\/fr\/wp-json\/wp\/v2\/product"}],"about":[{"href":"https:\/\/mattech.ca\/fr\/wp-json\/wp\/v2\/types\/product"}],"wp:featuredmedia":[{"embeddable":true,"href":"https:\/\/mattech.ca\/fr\/wp-json\/wp\/v2\/media\/6386"}],"wp:attachment":[{"href":"https:\/\/mattech.ca\/fr\/wp-json\/wp\/v2\/media?parent=2623"}],"wp:term":[{"taxonomy":"product_cat","embeddable":true,"href":"https:\/\/mattech.ca\/fr\/wp-json\/wp\/v2\/product_cat?post=2623"},{"taxonomy":"product_tag","embeddable":true,"href":"https:\/\/mattech.ca\/fr\/wp-json\/wp\/v2\/product_tag?post=2623"}],"curies":[{"name":"wp","href":"https:\/\/api.w.org\/{rel}","templated":true}]}}