{"id":2593,"date":"2020-09-28T11:17:56","date_gmt":"2021-02-05T15:22:34","guid":{"rendered":"https:\/\/mattech.ca\/?post_type=product&#038;p=2593"},"modified":"2025-02-18T08:35:30","modified_gmt":"2025-02-18T13:35:30","slug":"tire-track","status":"publish","type":"product","link":"https:\/\/mattech.ca\/fr\/produit\/tire-track\/","title":{"rendered":"Tire Track"},"content":{"rendered":"<p>Tapis performant au look unique<\/p>\n<ul>\n<li>Exemples d\u2019applications: station de m\u00e9tro, station de ski, \u00e9cole secondaire\u2026<\/li>\n<li>Patron multidirectionnel unique offrant un grattage efficace de la salet\u00e9 et une apparence durable<\/li>\n<li>Endos ThermoGrip rouge de qualit\u00e9 sup\u00e9rieure offrant une protection antimicrobienne et une adh\u00e9rence accrue sur vos planchers<\/li>\n<\/ul>\n","protected":false},"excerpt":{"rendered":"<p>Tapis performant au look unique Exemples d\u2019applications: station de m\u00e9tro, station de ski, \u00e9cole secondaire\u2026 Patron multidirectionnel unique offrant un grattage efficace de la salet\u00e9 et une apparence durable Endos ThermoGrip rouge de qualit\u00e9 sup\u00e9rieure offrant une protection antimicrobienne et une adh\u00e9rence accrue sur vos planchers<\/p>\n","protected":false},"featured_media":6186,"template":"","meta":{"inline_featured_image":false},"product_cat":[71],"product_tag":[],"class_list":["post-2593","product","type-product","status-publish","has-post-thumbnail","hentry","product_cat-tapis-dentree","sector-commercial-fr","sector-industriel","traffic_type-performance-fr","fonction-essuie-pieds-gratte-pieds"],"acf":[],"aioseo_notices":[],"_links":{"self":[{"href":"https:\/\/mattech.ca\/fr\/wp-json\/wp\/v2\/product\/2593","targetHints":{"allow":["GET"]}}],"collection":[{"href":"https:\/\/mattech.ca\/fr\/wp-json\/wp\/v2\/product"}],"about":[{"href":"https:\/\/mattech.ca\/fr\/wp-json\/wp\/v2\/types\/product"}],"wp:featuredmedia":[{"embeddable":true,"href":"https:\/\/mattech.ca\/fr\/wp-json\/wp\/v2\/media\/6186"}],"wp:attachment":[{"href":"https:\/\/mattech.ca\/fr\/wp-json\/wp\/v2\/media?parent=2593"}],"wp:term":[{"taxonomy":"product_cat","embeddable":true,"href":"https:\/\/mattech.ca\/fr\/wp-json\/wp\/v2\/product_cat?post=2593"},{"taxonomy":"product_tag","embeddable":true,"href":"https:\/\/mattech.ca\/fr\/wp-json\/wp\/v2\/product_tag?post=2593"}],"curies":[{"name":"wp","href":"https:\/\/api.w.org\/{rel}","templated":true}]}}