{"id":2554,"date":"2020-09-28T11:07:59","date_gmt":"2021-02-05T15:20:41","guid":{"rendered":"https:\/\/mattech.ca\/?post_type=product&#038;p=2554"},"modified":"2023-04-04T15:13:37","modified_gmt":"2023-04-04T19:13:37","slug":"marathon","status":"publish","type":"product","link":"https:\/\/mattech.ca\/fr\/produit\/marathon\/","title":{"rendered":"Marathon"},"content":{"rendered":"<p>Avec son motif traditionnel, ses caract\u00e9ristiques uniques vous offriront une efficacit\u00e9 accrue<\/p>\n<ul>\n<li>Exemples d\u2019applications: centre d\u2019achat, a\u00e9roport, \u00e9cole secondaire, universit\u00e9\u2026<\/li>\n<li>Sa surface enduit de latex r\u00e9sistant aux rayons UV offrira une long\u00e9vit\u00e9 suppl\u00e9mentaire<\/li>\n<li>Endos ThermoGrip rouge de qualit\u00e9 sup\u00e9rieure offrant une protection antimicrobienne et une adh\u00e9rence accrue sur vos planchers<\/li>\n<\/ul>\n","protected":false},"excerpt":{"rendered":"<p>Avec son motif traditionnel, ses caract\u00e9ristiques uniques vous offriront une efficacit\u00e9 accrue Exemples d\u2019applications: centre d\u2019achat, a\u00e9roport, \u00e9cole secondaire, universit\u00e9\u2026 Sa surface enduit de latex r\u00e9sistant aux rayons UV offrira une long\u00e9vit\u00e9 suppl\u00e9mentaire Endos ThermoGrip rouge de qualit\u00e9 sup\u00e9rieure offrant une protection antimicrobienne et une adh\u00e9rence accrue sur vos planchers<\/p>\n","protected":false},"featured_media":6427,"template":"","meta":{"inline_featured_image":false},"product_cat":[71],"product_tag":[],"class_list":["post-2554","product","type-product","status-publish","has-post-thumbnail","hentry","product_cat-tapis-dentree","sector-commercial-fr","sector-industriel","traffic_type-performance-fr","fonction-essuie-pieds-gratte-pieds"],"acf":[],"aioseo_notices":[],"_links":{"self":[{"href":"https:\/\/mattech.ca\/fr\/wp-json\/wp\/v2\/product\/2554","targetHints":{"allow":["GET"]}}],"collection":[{"href":"https:\/\/mattech.ca\/fr\/wp-json\/wp\/v2\/product"}],"about":[{"href":"https:\/\/mattech.ca\/fr\/wp-json\/wp\/v2\/types\/product"}],"wp:featuredmedia":[{"embeddable":true,"href":"https:\/\/mattech.ca\/fr\/wp-json\/wp\/v2\/media\/6427"}],"wp:attachment":[{"href":"https:\/\/mattech.ca\/fr\/wp-json\/wp\/v2\/media?parent=2554"}],"wp:term":[{"taxonomy":"product_cat","embeddable":true,"href":"https:\/\/mattech.ca\/fr\/wp-json\/wp\/v2\/product_cat?post=2554"},{"taxonomy":"product_tag","embeddable":true,"href":"https:\/\/mattech.ca\/fr\/wp-json\/wp\/v2\/product_tag?post=2554"}],"curies":[{"name":"wp","href":"https:\/\/api.w.org\/{rel}","templated":true}]}}