{"id":2515,"date":"2020-09-28T10:32:00","date_gmt":"2021-02-05T15:18:34","guid":{"rendered":"https:\/\/mattech.ca\/?post_type=product&#038;p=2515"},"modified":"2023-04-04T15:12:45","modified_gmt":"2023-04-04T19:12:45","slug":"triathlon","status":"publish","type":"product","link":"https:\/\/mattech.ca\/fr\/produit\/triathlon\/","title":{"rendered":"Triathlon"},"content":{"rendered":"<p>Tapis combinant allure distinctive et performance \u00e0 toute \u00e9preuve<\/p>\n<ul>\n<li>Exemples d\u2019applications: centre d\u2019achat, a\u00e9roport, \u00e9cole secondaire, universit\u00e9\u2026<\/li>\n<li>Il conservera son apparence d\u2019origine sur une plus longue p\u00e9riode gr\u00e2ce \u00e0 son motif deux tons \u00e9l\u00e9gant et \u00e0 deux niveaux<\/li>\n<li>Endos ThermoGrip rouge de qualit\u00e9 sup\u00e9rieure offrant une protection antimicrobienne et une adh\u00e9rence accrue sur vos planchers<\/li>\n<\/ul>\n","protected":false},"excerpt":{"rendered":"<p>Tapis combinant allure distinctive et performance \u00e0 toute \u00e9preuve Exemples d\u2019applications: centre d\u2019achat, a\u00e9roport, \u00e9cole secondaire, universit\u00e9\u2026 Il conservera son apparence d\u2019origine sur une plus longue p\u00e9riode gr\u00e2ce \u00e0 son motif deux tons \u00e9l\u00e9gant et \u00e0 deux niveaux Endos ThermoGrip rouge de qualit\u00e9 sup\u00e9rieure offrant une protection antimicrobienne et une adh\u00e9rence accrue sur vos planchers<\/p>\n","protected":false},"featured_media":6429,"template":"","meta":{"inline_featured_image":false},"product_cat":[71],"product_tag":[],"class_list":["post-2515","product","type-product","status-publish","has-post-thumbnail","hentry","product_cat-tapis-dentree","sector-commercial-fr","sector-industriel","traffic_type-performance-fr","fonction-essuie-pieds-gratte-pieds"],"acf":[],"aioseo_notices":[],"_links":{"self":[{"href":"https:\/\/mattech.ca\/fr\/wp-json\/wp\/v2\/product\/2515","targetHints":{"allow":["GET"]}}],"collection":[{"href":"https:\/\/mattech.ca\/fr\/wp-json\/wp\/v2\/product"}],"about":[{"href":"https:\/\/mattech.ca\/fr\/wp-json\/wp\/v2\/types\/product"}],"wp:featuredmedia":[{"embeddable":true,"href":"https:\/\/mattech.ca\/fr\/wp-json\/wp\/v2\/media\/6429"}],"wp:attachment":[{"href":"https:\/\/mattech.ca\/fr\/wp-json\/wp\/v2\/media?parent=2515"}],"wp:term":[{"taxonomy":"product_cat","embeddable":true,"href":"https:\/\/mattech.ca\/fr\/wp-json\/wp\/v2\/product_cat?post=2515"},{"taxonomy":"product_tag","embeddable":true,"href":"https:\/\/mattech.ca\/fr\/wp-json\/wp\/v2\/product_tag?post=2515"}],"curies":[{"name":"wp","href":"https:\/\/api.w.org\/{rel}","templated":true}]}}