{"id":2486,"date":"2021-02-05T08:51:03","date_gmt":"2021-02-05T13:51:03","guid":{"rendered":"https:\/\/mattech.ca\/?post_type=product&#038;p=2486"},"modified":"2025-07-16T08:02:53","modified_gmt":"2025-07-16T12:02:53","slug":"astro-plus","status":"publish","type":"product","link":"https:\/\/mattech.ca\/fr\/produit\/astro-plus\/","title":{"rendered":"Astro Plus"},"content":{"rendered":"<p>Le tapis le plus agressif pour emprisonner sable, sel et autres salet\u00e9s<\/p>\n<ul>\n<li>Exemples d\u2019applications: \u00e9cole, h\u00f4pital, magasin de d\u00e9tail\u2026<\/li>\n<li>Surface unique qui dissimule et pi\u00e8ge la salet\u00e9 au fond de la carpette<\/li>\n<li>Facile d\u2019entretien en secouant simplement le tapis<\/li>\n<\/ul>\n","protected":false},"excerpt":{"rendered":"<p>Le tapis le plus agressif pour emprisonner sable, sel et autres salet\u00e9s Exemples d\u2019applications: \u00e9cole, h\u00f4pital, magasin de d\u00e9tail\u2026 Surface unique qui dissimule et pi\u00e8ge la salet\u00e9 au fond de la carpette Facile d\u2019entretien en secouant simplement le tapis<\/p>\n","protected":false},"featured_media":6382,"template":"","meta":{"inline_featured_image":false},"product_cat":[71,943,945],"product_tag":[468,481,467,464],"class_list":["post-2486","product","type-product","status-publish","has-post-thumbnail","hentry","product_cat-tapis-dentree","product_cat-commercial","product_cat-aeroport","product_tag-asto-plus","product_tag-astro-fr","product_tag-astro-plus-fr","product_tag-astroplus","sector-commercial-fr","sector-industriel","traffic_type-performance-fr","fonction-gratte-pieds"],"acf":[],"aioseo_notices":[],"_links":{"self":[{"href":"https:\/\/mattech.ca\/fr\/wp-json\/wp\/v2\/product\/2486","targetHints":{"allow":["GET"]}}],"collection":[{"href":"https:\/\/mattech.ca\/fr\/wp-json\/wp\/v2\/product"}],"about":[{"href":"https:\/\/mattech.ca\/fr\/wp-json\/wp\/v2\/types\/product"}],"wp:featuredmedia":[{"embeddable":true,"href":"https:\/\/mattech.ca\/fr\/wp-json\/wp\/v2\/media\/6382"}],"wp:attachment":[{"href":"https:\/\/mattech.ca\/fr\/wp-json\/wp\/v2\/media?parent=2486"}],"wp:term":[{"taxonomy":"product_cat","embeddable":true,"href":"https:\/\/mattech.ca\/fr\/wp-json\/wp\/v2\/product_cat?post=2486"},{"taxonomy":"product_tag","embeddable":true,"href":"https:\/\/mattech.ca\/fr\/wp-json\/wp\/v2\/product_tag?post=2486"}],"curies":[{"name":"wp","href":"https:\/\/api.w.org\/{rel}","templated":true}]}}