{"id":2450,"date":"2020-05-26T15:07:40","date_gmt":"2021-02-05T13:46:31","guid":{"rendered":"https:\/\/mattech.ca\/?post_type=product&#038;p=2450"},"modified":"2023-05-30T08:43:44","modified_gmt":"2023-05-30T12:43:44","slug":"oxford-elite","status":"publish","type":"product","link":"https:\/\/mattech.ca\/fr\/produit\/oxford-elite\/","title":{"rendered":"Oxford Elite"},"content":{"rendered":"<p>Son look prestigieux rehaussera l\u2019apparence de votre \u00e9tablissement<\/p>\n<ul>\n<li>Exemples d\u2019applications: h\u00f4tel, pharmacie, casino, grand magasin de d\u00e9tail\u2026<\/li>\n<li>Tapis boucl\u00e9 int\u00e9grant des fibres de nylons grattant, ce tapis conservera son apparence durant de nombreuses ann\u00e9e<\/li>\n<li>Endos ThermoGrip rouge de qualit\u00e9 sup\u00e9rieure offrant une protection antimicrobienne et une adh\u00e9rence accrue sur vos planchers<\/li>\n<\/ul>\n","protected":false},"excerpt":{"rendered":"<p>Son look prestigieux rehaussera l\u2019apparence de votre \u00e9tablissement Exemples d\u2019applications: h\u00f4tel, pharmacie, casino, grand magasin de d\u00e9tail\u2026 Tapis boucl\u00e9 int\u00e9grant des fibres de nylons grattant, ce tapis conservera son apparence durant de nombreuses ann\u00e9e Endos ThermoGrip rouge de qualit\u00e9 sup\u00e9rieure offrant une protection antimicrobienne et une adh\u00e9rence accrue sur vos planchers<\/p>\n","protected":false},"featured_media":6431,"template":"","meta":{"inline_featured_image":false},"product_cat":[71],"product_tag":[],"class_list":["post-2450","product","type-product","status-publish","has-post-thumbnail","hentry","product_cat-tapis-dentree","sector-commercial-fr","sector-industriel","traffic_type-prestige-fr","fonction-essuie-pieds-gratte-pieds"],"acf":[],"aioseo_notices":[],"_links":{"self":[{"href":"https:\/\/mattech.ca\/fr\/wp-json\/wp\/v2\/product\/2450","targetHints":{"allow":["GET"]}}],"collection":[{"href":"https:\/\/mattech.ca\/fr\/wp-json\/wp\/v2\/product"}],"about":[{"href":"https:\/\/mattech.ca\/fr\/wp-json\/wp\/v2\/types\/product"}],"wp:featuredmedia":[{"embeddable":true,"href":"https:\/\/mattech.ca\/fr\/wp-json\/wp\/v2\/media\/6431"}],"wp:attachment":[{"href":"https:\/\/mattech.ca\/fr\/wp-json\/wp\/v2\/media?parent=2450"}],"wp:term":[{"taxonomy":"product_cat","embeddable":true,"href":"https:\/\/mattech.ca\/fr\/wp-json\/wp\/v2\/product_cat?post=2450"},{"taxonomy":"product_tag","embeddable":true,"href":"https:\/\/mattech.ca\/fr\/wp-json\/wp\/v2\/product_tag?post=2450"}],"curies":[{"name":"wp","href":"https:\/\/api.w.org\/{rel}","templated":true}]}}